{"id":8,"date":"2021-12-01T12:37:41","date_gmt":"2021-12-01T12:37:41","guid":{"rendered":"https:\/\/art-of-shadows.de\/wordpress\/?page_id=8"},"modified":"2025-09-09T16:52:35","modified_gmt":"2025-09-09T16:52:35","slug":"ueber-mich","status":"publish","type":"page","link":"https:\/\/art-of-shadows.de\/?page_id=8","title":{"rendered":"\u00dcber mich"},"content":{"rendered":"\n<p class=\"has-medium-font-size\"><img loading=\"lazy\" decoding=\"async\" width=\"150\" height=\"153\" class=\"wp-image-93\" style=\"width: 150px;\" src=\"https:\/\/art-of-shadows.de\/wordpress\/wp-content\/uploads\/2021\/12\/20543167_1896063847087472_1503473733_o.jpg\" alt=\"\" srcset=\"https:\/\/art-of-shadows.de\/wordpress\/wp-content\/uploads\/2021\/12\/20543167_1896063847087472_1503473733_o.jpg 1089w, https:\/\/art-of-shadows.de\/wordpress\/wp-content\/uploads\/2021\/12\/20543167_1896063847087472_1503473733_o-294x300.jpg 294w, https:\/\/art-of-shadows.de\/wordpress\/wp-content\/uploads\/2021\/12\/20543167_1896063847087472_1503473733_o-1002x1024.jpg 1002w, https:\/\/art-of-shadows.de\/wordpress\/wp-content\/uploads\/2021\/12\/20543167_1896063847087472_1503473733_o-768x785.jpg 768w\" sizes=\"auto, (max-width: 150px) 100vw, 150px\" \/><br>Ingo-Arne Litschka<\/p>\n\n\n\n<p class=\"has-medium-font-size\">1968 in Pforzheim geboren<\/p>\n\n\n\n<p class=\"has-medium-font-size\">1988 Abitur am Fritz-Erler Gymnasium im Pforzheim<\/p>\n\n\n\n<p class=\"has-medium-font-size\">1990-1991 Theologiestudium und Sprachkolleg in Stuttgart<\/p>\n\n\n\n<p>1991-1992 Kolping-Kunstschule in Stuttgart<\/p>\n\n\n\n<p class=\"has-medium-font-size\">1992-1994 Germanistik\/Philosophie in Karlsruhe<\/p>\n\n\n\n<p class=\"has-medium-font-size\">1993-1996 Fernstudium in Malerei und Grafik,<\/p>\n\n\n\n<p class=\"has-medium-font-size\">&nbsp;&nbsp;&nbsp;&nbsp;&nbsp;&nbsp;&nbsp;&nbsp;&nbsp;&nbsp;&nbsp;&nbsp;&nbsp;&nbsp;&nbsp;&nbsp; Privatunterricht bei Rainer M\u00fcrle und Eckhard Brock<\/p>\n\n\n\n<p class=\"has-medium-font-size\">Seit 1995 freischaffender K\u00fcnstler<\/p>\n\n\n\n<p class=\"has-medium-font-size\">Seit 2010 Leiter und Inhaber von Fecht-Hut Schule f\u00fcr historisches Fechten<\/p>\n\n\n\n<p class=\"has-medium-font-size\">Freier Autor zahlreicher Sachb\u00fccher , &nbsp;diverser Romane und<\/p>\n\n\n\n<p class=\"has-medium-font-size\">eines Kunst-Fechtbuches ,<\/p>\n\n\n\n<p class=\"has-medium-font-size\">das ganz eigene Wege geht und in dem nat\u00fcrlich der Schatten, wie auch in den konstruktivistischen Objekten und der Malerei, noch immer die Hauptrolle spielt.<\/p>\n\n\n\n<p class=\"has-medium-font-size\">Alle B\u00fccher sind auf Amazon erh\u00e4ltlich.<\/p>\n\n\n\n<p class=\"has-medium-font-size\">Wenn Sie weitere Fragen haben schreiben Sie mich einfach an: <a href=\"mailto:ingo@fecht-hut.de\">ingo@fecht-hut.de<\/a><\/p>\n\n\n\n<p class=\"has-medium-font-size\">Ausstellungen und Beteiligungen:<\/p>\n\n\n\n<p class=\"has-medium-font-size\">2025 offenes Atelier<br>2024 offenes Atelier<br>Beteiligung Kunst und Musik Galerie Beinah Kraichtal<br>2023 offenes Atelier<br>2021 verschlossener Gartenschatten<\/p>\n\n\n\n<p class=\"has-medium-font-size\">2019 Kunst im Treppenhaus<\/p>\n\n\n\n<p class=\"has-medium-font-size\">2018 Schatten, Kunst und Klinge II<\/p>\n\n\n\n<p class=\"has-medium-font-size\">2017 Schatten, Kunst und Klinge I<\/p>\n\n\n\n<p class=\"has-medium-font-size\">2016 Schattenkunst und Lesung<\/p>\n\n\n\n<p class=\"has-medium-font-size\">2015 Kunst trifft Klinge<\/p>\n\n\n\n<p class=\"has-medium-font-size\">2013 offene Ateliers<\/p>\n\n\n\n<p class=\"has-medium-font-size\">2013 offene Ateliers Karlsruhe-Durlach<\/p>\n\n\n\n<p class=\"has-medium-font-size\">2012 Kunst 12 Z\u00fcrich<\/p>\n\n\n\n<p class=\"has-medium-font-size\">&nbsp;&nbsp;&nbsp;&nbsp;&nbsp;&nbsp;&nbsp; offene Ateliers<\/p>\n\n\n\n<p class=\"has-medium-font-size\">2012 offene Ateliers<\/p>\n\n\n\n<p class=\"has-medium-font-size\">2012 &#8222;unvollendet vollendet&#8220; Galerie pack of patches<\/p>\n\n\n\n<p class=\"has-medium-font-size\">2012 Art Karlsruhe<\/p>\n\n\n\n<p class=\"has-medium-font-size\">2011 offenes Atelier<\/p>\n\n\n\n<p class=\"has-medium-font-size\">2011 Kunst Z\u00fcrich<\/p>\n\n\n\n<p class=\"has-medium-font-size\">2011 C.A.R. Kunstmesse Essen<\/p>\n\n\n\n<p class=\"has-medium-font-size\">2011 Art Karlsruhe<\/p>\n\n\n\n<p class=\"has-medium-font-size\">2010 Arbeitskreis Leben e.V., Pforzheim, &#8222;Schattenmomente&#8220;<\/p>\n\n\n\n<p class=\"has-medium-font-size\">2009 Ateliergemeinschaft 3. Etage, &#8222;Kunst &#8211; Fechtkunst&#8220;<\/p>\n\n\n\n<p class=\"has-medium-font-size\">2009 Kunstraum 12, Ettlingen<\/p>\n\n\n\n<p>2009 &#8222;Schattenmomente&#8220;, Galerie Neum\u00fchle, Edenkoben<\/p>\n\n\n\n<p class=\"has-medium-font-size\">2009 Galerie Schuermer, Karlsruhe<\/p>\n\n\n\n<p class=\"has-medium-font-size\">2009 Ateliergemeinschaft 3. Etage, 10 Jahre Ausstellungen<\/p>\n\n\n\n<p class=\"has-medium-font-size\">2008 Kunstraum 12, Ettlingen<\/p>\n\n\n\n<p class=\"has-medium-font-size\">2008 Galerie Neum\u00fchle, Edenkoben<\/p>\n\n\n\n<p class=\"has-medium-font-size\">2007 Elisabethenstift, Darmstadt<\/p>\n\n\n\n<p class=\"has-medium-font-size\">2005 M\u00e4rz Galerien Mannheim \/ auf art Frankfurt vertreten<\/p>\n\n\n\n<p class=\"has-medium-font-size\">2004 &#8222;10 Positionen&#8220;, M\u00e4rz Galerien, Mannheim<\/p>\n\n\n\n<p class=\"has-medium-font-size\">2004 &#8222;Multiple&#8220; auf ART FRANKFURT, durch M\u00e4rz Galerien vertreten<\/p>\n\n\n\n<p class=\"has-medium-font-size\">2004 &#8222;Positive Art&#8220;, neue Welle, Frankfurt<\/p>\n\n\n\n<p class=\"has-medium-font-size\">2003 Kunst Koment Osnabr\u00fcck<\/p>\n\n\n\n<p class=\"has-medium-font-size\">2003 Burg Kronberg ART MEETS CLASSIC<\/p>\n\n\n\n<p class=\"has-medium-font-size\">2003 Ateliergemeinschaft 3. Etage, Frankfurt a.M.<\/p>\n\n\n\n<p class=\"has-medium-font-size\">2002 Mc Cann Erikson ART PARALLEL, Frankfurt<\/p>\n\n\n\n<p class=\"has-medium-font-size\">2002 &#8222;Standpunkte&#8220; im Trafo Neuhausen \/ M\u00fcnchen<\/p>\n\n\n\n<p class=\"has-medium-font-size\">2001 &#8222;200 Vernissagen&#8220; Forum Junge Kunst &#8211; more than a bank, SEB (K)<\/p>\n\n\n\n<p class=\"has-medium-font-size\">2000 Galerie KunstWerk &#8222;Aktuelle Positionen der Bildenden Kunst&#8220;, Holzhausenschl\u00f6sschen Frankfurt (K)<\/p>\n\n\n\n<p class=\"has-medium-font-size\">1999 &#8222;Konstruktivismus heute&#8220;, Refugium-Centrum der Holding AG, K\u00f6nigswinter<\/p>\n\n\n\n<p class=\"has-medium-font-size\">Galerie Geisser, Pforzheim<\/p>\n\n\n\n<p class=\"has-medium-font-size\">Rathaus Kandel<\/p>\n\n\n\n<p class=\"has-medium-font-size\">Galerie &#8222;Alte Fabrik&#8220;, Bretten<\/p>\n\n\n\n<p>(K) Katalog<\/p>\n","protected":false},"excerpt":{"rendered":"<p>Ingo-Arne Litschka 1968 in Pforzheim geboren 1988 Abitur am Fritz-Erler Gymnasium im Pforzheim 1990-1991 Theologiestudium und Sprachkolleg in Stuttgart 1991-1992 Kolping-Kunstschule in Stuttgart 1992-1994 Germanistik\/Philosophie in Karlsruhe 1993-1996 Fernstudium in Malerei und Grafik, &nbsp;&nbsp;&nbsp;&nbsp;&nbsp;&nbsp;&nbsp;&nbsp;&nbsp;&nbsp;&nbsp;&nbsp;&nbsp;&nbsp;&nbsp;&nbsp; Privatunterricht bei Rainer M\u00fcrle und Eckhard Brock Seit 1995 freischaffender K\u00fcnstler Seit 2010 Leiter und Inhaber von Fecht-Hut Schule f\u00fcr historisches&#8230; <\/p>\n<div class=\"read-more navbutton\"><a href=\"https:\/\/art-of-shadows.de\/?page_id=8\">Read More<i class=\"fa fa-angle-double-right\"><\/i><\/a><\/div>\n","protected":false},"author":1,"featured_media":0,"parent":0,"menu_order":0,"comment_status":"closed","ping_status":"closed","template":"","meta":{"footnotes":""},"class_list":["post-8","page","type-page","status-publish","hentry"],"yoast_head":"<!-- This site is optimized with the Yoast SEO plugin v27.4 - https:\/\/yoast.com\/product\/yoast-seo-wordpress\/ -->\n<title>\u00dcber mich - Art of shadows<\/title>\n<meta name=\"robots\" content=\"index, follow, max-snippet:-1, max-image-preview:large, max-video-preview:-1\" \/>\n<link rel=\"canonical\" href=\"https:\/\/art-of-shadows.de\/?page_id=8\" \/>\n<meta property=\"og:locale\" content=\"de_DE\" \/>\n<meta property=\"og:type\" content=\"article\" \/>\n<meta property=\"og:title\" content=\"\u00dcber mich - Art of shadows\" \/>\n<meta property=\"og:description\" content=\"Ingo-Arne Litschka 1968 in Pforzheim geboren 1988 Abitur am Fritz-Erler Gymnasium im Pforzheim 1990-1991 Theologiestudium und Sprachkolleg in Stuttgart 1991-1992 Kolping-Kunstschule in Stuttgart 1992-1994 Germanistik\/Philosophie in Karlsruhe 1993-1996 Fernstudium in Malerei und Grafik, &nbsp;&nbsp;&nbsp;&nbsp;&nbsp;&nbsp;&nbsp;&nbsp;&nbsp;&nbsp;&nbsp;&nbsp;&nbsp;&nbsp;&nbsp;&nbsp; Privatunterricht bei Rainer M\u00fcrle und Eckhard Brock Seit 1995 freischaffender K\u00fcnstler Seit 2010 Leiter und Inhaber von Fecht-Hut Schule f\u00fcr historisches... Read More\" \/>\n<meta property=\"og:url\" content=\"https:\/\/art-of-shadows.de\/?page_id=8\" \/>\n<meta property=\"og:site_name\" content=\"Art of shadows\" \/>\n<meta property=\"article:modified_time\" content=\"2025-09-09T16:52:35+00:00\" \/>\n<meta property=\"og:image\" content=\"https:\/\/art-of-shadows.de\/wordpress\/wp-content\/uploads\/2021\/12\/20543167_1896063847087472_1503473733_o.jpg\" \/>\n\t<meta property=\"og:image:width\" content=\"1089\" \/>\n\t<meta property=\"og:image:height\" content=\"1113\" \/>\n\t<meta property=\"og:image:type\" content=\"image\/jpeg\" \/>\n<meta name=\"twitter:card\" content=\"summary_large_image\" \/>\n<meta name=\"twitter:label1\" content=\"Gesch\u00e4tzte Lesezeit\" \/>\n\t<meta name=\"twitter:data1\" content=\"2\u00a0Minuten\" \/>\n<script type=\"application\/ld+json\" class=\"yoast-schema-graph\">{\"@context\":\"https:\\\/\\\/schema.org\",\"@graph\":[{\"@type\":\"WebPage\",\"@id\":\"https:\\\/\\\/art-of-shadows.de\\\/?page_id=8\",\"url\":\"https:\\\/\\\/art-of-shadows.de\\\/?page_id=8\",\"name\":\"\u00dcber mich - Art of shadows\",\"isPartOf\":{\"@id\":\"https:\\\/\\\/art-of-shadows.de\\\/#website\"},\"primaryImageOfPage\":{\"@id\":\"https:\\\/\\\/art-of-shadows.de\\\/?page_id=8#primaryimage\"},\"image\":{\"@id\":\"https:\\\/\\\/art-of-shadows.de\\\/?page_id=8#primaryimage\"},\"thumbnailUrl\":\"https:\\\/\\\/art-of-shadows.de\\\/wordpress\\\/wp-content\\\/uploads\\\/2021\\\/12\\\/20543167_1896063847087472_1503473733_o.jpg\",\"datePublished\":\"2021-12-01T12:37:41+00:00\",\"dateModified\":\"2025-09-09T16:52:35+00:00\",\"breadcrumb\":{\"@id\":\"https:\\\/\\\/art-of-shadows.de\\\/?page_id=8#breadcrumb\"},\"inLanguage\":\"de\",\"potentialAction\":[{\"@type\":\"ReadAction\",\"target\":[\"https:\\\/\\\/art-of-shadows.de\\\/?page_id=8\"]}]},{\"@type\":\"ImageObject\",\"inLanguage\":\"de\",\"@id\":\"https:\\\/\\\/art-of-shadows.de\\\/?page_id=8#primaryimage\",\"url\":\"https:\\\/\\\/art-of-shadows.de\\\/wordpress\\\/wp-content\\\/uploads\\\/2021\\\/12\\\/20543167_1896063847087472_1503473733_o.jpg\",\"contentUrl\":\"https:\\\/\\\/art-of-shadows.de\\\/wordpress\\\/wp-content\\\/uploads\\\/2021\\\/12\\\/20543167_1896063847087472_1503473733_o.jpg\",\"width\":1089,\"height\":1113},{\"@type\":\"BreadcrumbList\",\"@id\":\"https:\\\/\\\/art-of-shadows.de\\\/?page_id=8#breadcrumb\",\"itemListElement\":[{\"@type\":\"ListItem\",\"position\":1,\"name\":\"Startseite\",\"item\":\"https:\\\/\\\/art-of-shadows.de\\\/\"},{\"@type\":\"ListItem\",\"position\":2,\"name\":\"\u00dcber mich\"}]},{\"@type\":\"WebSite\",\"@id\":\"https:\\\/\\\/art-of-shadows.de\\\/#website\",\"url\":\"https:\\\/\\\/art-of-shadows.de\\\/\",\"name\":\"Art of shadows\",\"description\":\"\",\"potentialAction\":[{\"@type\":\"SearchAction\",\"target\":{\"@type\":\"EntryPoint\",\"urlTemplate\":\"https:\\\/\\\/art-of-shadows.de\\\/?s={search_term_string}\"},\"query-input\":{\"@type\":\"PropertyValueSpecification\",\"valueRequired\":true,\"valueName\":\"search_term_string\"}}],\"inLanguage\":\"de\"}]}<\/script>\n<!-- \/ Yoast SEO plugin. -->","yoast_head_json":{"title":"\u00dcber mich - Art of shadows","robots":{"index":"index","follow":"follow","max-snippet":"max-snippet:-1","max-image-preview":"max-image-preview:large","max-video-preview":"max-video-preview:-1"},"canonical":"https:\/\/art-of-shadows.de\/?page_id=8","og_locale":"de_DE","og_type":"article","og_title":"\u00dcber mich - Art of shadows","og_description":"Ingo-Arne Litschka 1968 in Pforzheim geboren 1988 Abitur am Fritz-Erler Gymnasium im Pforzheim 1990-1991 Theologiestudium und Sprachkolleg in Stuttgart 1991-1992 Kolping-Kunstschule in Stuttgart 1992-1994 Germanistik\/Philosophie in Karlsruhe 1993-1996 Fernstudium in Malerei und Grafik, &nbsp;&nbsp;&nbsp;&nbsp;&nbsp;&nbsp;&nbsp;&nbsp;&nbsp;&nbsp;&nbsp;&nbsp;&nbsp;&nbsp;&nbsp;&nbsp; Privatunterricht bei Rainer M\u00fcrle und Eckhard Brock Seit 1995 freischaffender K\u00fcnstler Seit 2010 Leiter und Inhaber von Fecht-Hut Schule f\u00fcr historisches... Read More","og_url":"https:\/\/art-of-shadows.de\/?page_id=8","og_site_name":"Art of shadows","article_modified_time":"2025-09-09T16:52:35+00:00","og_image":[{"width":1089,"height":1113,"url":"https:\/\/art-of-shadows.de\/wordpress\/wp-content\/uploads\/2021\/12\/20543167_1896063847087472_1503473733_o.jpg","type":"image\/jpeg"}],"twitter_card":"summary_large_image","twitter_misc":{"Gesch\u00e4tzte Lesezeit":"2\u00a0Minuten"},"schema":{"@context":"https:\/\/schema.org","@graph":[{"@type":"WebPage","@id":"https:\/\/art-of-shadows.de\/?page_id=8","url":"https:\/\/art-of-shadows.de\/?page_id=8","name":"\u00dcber mich - Art of shadows","isPartOf":{"@id":"https:\/\/art-of-shadows.de\/#website"},"primaryImageOfPage":{"@id":"https:\/\/art-of-shadows.de\/?page_id=8#primaryimage"},"image":{"@id":"https:\/\/art-of-shadows.de\/?page_id=8#primaryimage"},"thumbnailUrl":"https:\/\/art-of-shadows.de\/wordpress\/wp-content\/uploads\/2021\/12\/20543167_1896063847087472_1503473733_o.jpg","datePublished":"2021-12-01T12:37:41+00:00","dateModified":"2025-09-09T16:52:35+00:00","breadcrumb":{"@id":"https:\/\/art-of-shadows.de\/?page_id=8#breadcrumb"},"inLanguage":"de","potentialAction":[{"@type":"ReadAction","target":["https:\/\/art-of-shadows.de\/?page_id=8"]}]},{"@type":"ImageObject","inLanguage":"de","@id":"https:\/\/art-of-shadows.de\/?page_id=8#primaryimage","url":"https:\/\/art-of-shadows.de\/wordpress\/wp-content\/uploads\/2021\/12\/20543167_1896063847087472_1503473733_o.jpg","contentUrl":"https:\/\/art-of-shadows.de\/wordpress\/wp-content\/uploads\/2021\/12\/20543167_1896063847087472_1503473733_o.jpg","width":1089,"height":1113},{"@type":"BreadcrumbList","@id":"https:\/\/art-of-shadows.de\/?page_id=8#breadcrumb","itemListElement":[{"@type":"ListItem","position":1,"name":"Startseite","item":"https:\/\/art-of-shadows.de\/"},{"@type":"ListItem","position":2,"name":"\u00dcber mich"}]},{"@type":"WebSite","@id":"https:\/\/art-of-shadows.de\/#website","url":"https:\/\/art-of-shadows.de\/","name":"Art of shadows","description":"","potentialAction":[{"@type":"SearchAction","target":{"@type":"EntryPoint","urlTemplate":"https:\/\/art-of-shadows.de\/?s={search_term_string}"},"query-input":{"@type":"PropertyValueSpecification","valueRequired":true,"valueName":"search_term_string"}}],"inLanguage":"de"}]}},"_links":{"self":[{"href":"https:\/\/art-of-shadows.de\/index.php?rest_route=\/wp\/v2\/pages\/8","targetHints":{"allow":["GET"]}}],"collection":[{"href":"https:\/\/art-of-shadows.de\/index.php?rest_route=\/wp\/v2\/pages"}],"about":[{"href":"https:\/\/art-of-shadows.de\/index.php?rest_route=\/wp\/v2\/types\/page"}],"author":[{"embeddable":true,"href":"https:\/\/art-of-shadows.de\/index.php?rest_route=\/wp\/v2\/users\/1"}],"replies":[{"embeddable":true,"href":"https:\/\/art-of-shadows.de\/index.php?rest_route=%2Fwp%2Fv2%2Fcomments&post=8"}],"version-history":[{"count":4,"href":"https:\/\/art-of-shadows.de\/index.php?rest_route=\/wp\/v2\/pages\/8\/revisions"}],"predecessor-version":[{"id":259,"href":"https:\/\/art-of-shadows.de\/index.php?rest_route=\/wp\/v2\/pages\/8\/revisions\/259"}],"wp:attachment":[{"href":"https:\/\/art-of-shadows.de\/index.php?rest_route=%2Fwp%2Fv2%2Fmedia&parent=8"}],"curies":[{"name":"wp","href":"https:\/\/api.w.org\/{rel}","templated":true}]}}