{"id":24,"date":"2021-12-01T13:02:32","date_gmt":"2021-12-01T13:02:32","guid":{"rendered":"https:\/\/art-of-shadows.de\/wordpress\/?page_id=24"},"modified":"2025-09-09T16:32:10","modified_gmt":"2025-09-09T16:32:10","slug":"objektschatten","status":"publish","type":"page","link":"https:\/\/art-of-shadows.de\/?page_id=24","title":{"rendered":"Objektschatten"},"content":{"rendered":"\n<p class=\"has-medium-font-size\"><mark style=\"background-color:rgba(0, 0, 0, 0)\" class=\"has-inline-color has-luminous-vivid-amber-color\">Der Schatten das dunkle Objekt <\/mark><br><mark style=\"background-color:rgba(0, 0, 0, 0)\" class=\"has-inline-color has-luminous-vivid-amber-color\">So sieht man ihn nur zu gern. Dabei ist selbst als &#8222;Licht&#8220;Ph\u00e4nomen ist sich selbst ein dunkles Abbild des Objektes, wenn auch nur tempor\u00e4r, denn er gehorcht den Regeln des Lichtes und der Physik. <\/mark><br><mark style=\"background-color:rgba(0, 0, 0, 0)\" class=\"has-inline-color has-luminous-vivid-amber-color\">So bleibt er niemals gleich. <\/mark><br><br><mark style=\"background-color:rgba(0, 0, 0, 0)\" class=\"has-inline-color has-luminous-vivid-amber-color\">Doch er&nbsp; kann auch selbst zum Bild oder gar zur eigenen Realit\u00e4t werden, die wiederum eine neue Realit\u00e4t erschafft, die sich wiederum erneut abbilden l\u00e4sst. <\/mark><br><mark style=\"background-color:rgba(0, 0, 0, 0)\" class=\"has-inline-color has-luminous-vivid-amber-color\">Der Schatten das dunklen Objekt wird durch seinen eigenen Schatten selbst zum Erzeuger eines neuen Schattens. <\/mark><br><mark style=\"background-color:rgba(0, 0, 0, 0)\" class=\"has-inline-color has-luminous-vivid-amber-color\">Obwohl er in sich g\u00e4nzlich unber\u00fchrbar bleibt, denn alles was wir haptisch wahrnehmen ist die Beschaffenheit der Projektionsfl\u00e4che, so scheint er doch als Abbild eine neue Festigkeit zu erlangen, die den Anschein des Ber\u00fchrbaren in sich tr\u00e4gt. <\/mark><br><br><mark style=\"background-color:rgba(0, 0, 0, 0)\" class=\"has-inline-color has-luminous-vivid-amber-color\">So wird er selbst zu einer eigenen, neu ableitbaren, dunkel erscheinenden Realit\u00e4t. Nun ist auch nicht mehr klar, wo genau die Grenze zwischen Schattenobjekt und dem Objektschatten verl\u00e4uft, doch genau hier beginnt das Spiel des Schattens, das so ganz anders spielt als im M\u00e4rchen. Im M\u00e4rchen ist der Schatten das dunkle <a href=\"https:\/\/art-of-shadows.de\/?page_id=26\" target=\"_blank\" rel=\"noreferrer noopener\">Objekt<\/a>.<\/mark> <br><\/p>\n\n\n\n<p><img loading=\"lazy\" decoding=\"async\" width=\"500\" height=\"375\" class=\"wp-image-78\" style=\"width: 500px;\" src=\"http:\/\/art-of-shadows.de\/wordpress\/wp-content\/uploads\/2021\/12\/DSCF0537-scaled.jpg\" alt=\"\" srcset=\"https:\/\/art-of-shadows.de\/wordpress\/wp-content\/uploads\/2021\/12\/DSCF0537-scaled.jpg 2560w, https:\/\/art-of-shadows.de\/wordpress\/wp-content\/uploads\/2021\/12\/DSCF0537-300x225.jpg 300w, https:\/\/art-of-shadows.de\/wordpress\/wp-content\/uploads\/2021\/12\/DSCF0537-1024x768.jpg 1024w, https:\/\/art-of-shadows.de\/wordpress\/wp-content\/uploads\/2021\/12\/DSCF0537-768x576.jpg 768w, https:\/\/art-of-shadows.de\/wordpress\/wp-content\/uploads\/2021\/12\/DSCF0537-1536x1152.jpg 1536w, https:\/\/art-of-shadows.de\/wordpress\/wp-content\/uploads\/2021\/12\/DSCF0537-2048x1536.jpg 2048w\" sizes=\"auto, (max-width: 500px) 100vw, 500px\" \/> <\/p>\n\n\n\n<p> <img loading=\"lazy\" decoding=\"async\" width=\"290\" height=\"436\" class=\"wp-image-138\" style=\"width: 290px;\" src=\"https:\/\/art-of-shadows.de\/wordpress\/wp-content\/uploads\/2022\/09\/17857650_1649157421778922_1058766354_n.jpg\" alt=\"\" srcset=\"https:\/\/art-of-shadows.de\/wordpress\/wp-content\/uploads\/2022\/09\/17857650_1649157421778922_1058766354_n.jpg 639w, https:\/\/art-of-shadows.de\/wordpress\/wp-content\/uploads\/2022\/09\/17857650_1649157421778922_1058766354_n-200x300.jpg 200w\" sizes=\"auto, (max-width: 290px) 100vw, 290px\" \/>     ..   <img loading=\"lazy\" decoding=\"async\" width=\"290\" height=\"448\" class=\"wp-image-232\" style=\"width: 290px;\" src=\"https:\/\/art-of-shadows.de\/wordpress\/wp-content\/uploads\/2023\/05\/DSCF2281-1-scaled.jpg\" alt=\"\" srcset=\"https:\/\/art-of-shadows.de\/wordpress\/wp-content\/uploads\/2023\/05\/DSCF2281-1-scaled.jpg 1657w, https:\/\/art-of-shadows.de\/wordpress\/wp-content\/uploads\/2023\/05\/DSCF2281-1-194x300.jpg 194w, https:\/\/art-of-shadows.de\/wordpress\/wp-content\/uploads\/2023\/05\/DSCF2281-1-663x1024.jpg 663w, https:\/\/art-of-shadows.de\/wordpress\/wp-content\/uploads\/2023\/05\/DSCF2281-1-768x1187.jpg 768w, https:\/\/art-of-shadows.de\/wordpress\/wp-content\/uploads\/2023\/05\/DSCF2281-1-994x1536.jpg 994w, https:\/\/art-of-shadows.de\/wordpress\/wp-content\/uploads\/2023\/05\/DSCF2281-1-1325x2048.jpg 1325w\" sizes=\"auto, (max-width: 290px) 100vw, 290px\" \/><\/p>\n\n\n\n<p><img loading=\"lazy\" decoding=\"async\" width=\"500\" height=\"375\" class=\"wp-image-77\" style=\"width: 500px;\" src=\"http:\/\/art-of-shadows.de\/wordpress\/wp-content\/uploads\/2021\/12\/DSCF0501-scaled.jpg\" alt=\"\" srcset=\"https:\/\/art-of-shadows.de\/wordpress\/wp-content\/uploads\/2021\/12\/DSCF0501-scaled.jpg 2560w, https:\/\/art-of-shadows.de\/wordpress\/wp-content\/uploads\/2021\/12\/DSCF0501-300x225.jpg 300w, https:\/\/art-of-shadows.de\/wordpress\/wp-content\/uploads\/2021\/12\/DSCF0501-1024x768.jpg 1024w, https:\/\/art-of-shadows.de\/wordpress\/wp-content\/uploads\/2021\/12\/DSCF0501-768x576.jpg 768w, https:\/\/art-of-shadows.de\/wordpress\/wp-content\/uploads\/2021\/12\/DSCF0501-1536x1152.jpg 1536w, https:\/\/art-of-shadows.de\/wordpress\/wp-content\/uploads\/2021\/12\/DSCF0501-2048x1536.jpg 2048w\" sizes=\"auto, (max-width: 500px) 100vw, 500px\" \/><\/p>\n\n\n\n<p><img loading=\"lazy\" decoding=\"async\" width=\"500\" height=\"375\" class=\"wp-image-75\" style=\"width: 500px;\" src=\"https:\/\/art-of-shadows.de\/wordpress\/wp-content\/uploads\/2021\/12\/DSCF0499-scaled.jpg\" alt=\"\" srcset=\"https:\/\/art-of-shadows.de\/wordpress\/wp-content\/uploads\/2021\/12\/DSCF0499-scaled.jpg 2560w, https:\/\/art-of-shadows.de\/wordpress\/wp-content\/uploads\/2021\/12\/DSCF0499-300x225.jpg 300w, https:\/\/art-of-shadows.de\/wordpress\/wp-content\/uploads\/2021\/12\/DSCF0499-1024x768.jpg 1024w, https:\/\/art-of-shadows.de\/wordpress\/wp-content\/uploads\/2021\/12\/DSCF0499-768x576.jpg 768w, https:\/\/art-of-shadows.de\/wordpress\/wp-content\/uploads\/2021\/12\/DSCF0499-1536x1152.jpg 1536w, https:\/\/art-of-shadows.de\/wordpress\/wp-content\/uploads\/2021\/12\/DSCF0499-2048x1536.jpg 2048w\" sizes=\"auto, (max-width: 500px) 100vw, 500px\" \/>  <\/p>\n\n\n\n<p><img loading=\"lazy\" decoding=\"async\" width=\"500\" height=\"399\" class=\"wp-image-113\" style=\"width: 500px;\" src=\"https:\/\/art-of-shadows.de\/wordpress\/wp-content\/uploads\/2021\/12\/Schattenband-07-60x60cm.bmp\" alt=\"\" srcset=\"https:\/\/art-of-shadows.de\/wordpress\/wp-content\/uploads\/2021\/12\/Schattenband-07-60x60cm.bmp 538w, https:\/\/art-of-shadows.de\/wordpress\/wp-content\/uploads\/2021\/12\/Schattenband-07-60x60cm-300x239.jpg 300w\" sizes=\"auto, (max-width: 500px) 100vw, 500px\" \/> <\/p>\n\n\n\n<p><img loading=\"lazy\" decoding=\"async\" width=\"500\" height=\"563\" class=\"wp-image-114\" style=\"width: 500px;\" src=\"https:\/\/art-of-shadows.de\/wordpress\/wp-content\/uploads\/2021\/12\/auswahl_0260-scaled.jpg\" alt=\"\" srcset=\"https:\/\/art-of-shadows.de\/wordpress\/wp-content\/uploads\/2021\/12\/auswahl_0260-scaled.jpg 2272w, https:\/\/art-of-shadows.de\/wordpress\/wp-content\/uploads\/2021\/12\/auswahl_0260-266x300.jpg 266w, https:\/\/art-of-shadows.de\/wordpress\/wp-content\/uploads\/2021\/12\/auswahl_0260-909x1024.jpg 909w, https:\/\/art-of-shadows.de\/wordpress\/wp-content\/uploads\/2021\/12\/auswahl_0260-768x866.jpg 768w, https:\/\/art-of-shadows.de\/wordpress\/wp-content\/uploads\/2021\/12\/auswahl_0260-1363x1536.jpg 1363w, https:\/\/art-of-shadows.de\/wordpress\/wp-content\/uploads\/2021\/12\/auswahl_0260-1817x2048.jpg 1817w\" sizes=\"auto, (max-width: 500px) 100vw, 500px\" \/>          <br><br><img loading=\"lazy\" decoding=\"async\" width=\"400\" height=\"300\" class=\"wp-image-233\" style=\"width: 400px;\" src=\"https:\/\/art-of-shadows.de\/wordpress\/wp-content\/uploads\/2023\/05\/DSCF2282-scaled.jpg\" alt=\"\" srcset=\"https:\/\/art-of-shadows.de\/wordpress\/wp-content\/uploads\/2023\/05\/DSCF2282-scaled.jpg 2560w, https:\/\/art-of-shadows.de\/wordpress\/wp-content\/uploads\/2023\/05\/DSCF2282-300x225.jpg 300w, https:\/\/art-of-shadows.de\/wordpress\/wp-content\/uploads\/2023\/05\/DSCF2282-1024x768.jpg 1024w, https:\/\/art-of-shadows.de\/wordpress\/wp-content\/uploads\/2023\/05\/DSCF2282-768x576.jpg 768w, https:\/\/art-of-shadows.de\/wordpress\/wp-content\/uploads\/2023\/05\/DSCF2282-1536x1152.jpg 1536w, https:\/\/art-of-shadows.de\/wordpress\/wp-content\/uploads\/2023\/05\/DSCF2282-2048x1536.jpg 2048w\" sizes=\"auto, (max-width: 400px) 100vw, 400px\" \/> <br><br><img loading=\"lazy\" decoding=\"async\" width=\"399\" height=\"299\" class=\"wp-image-234\" style=\"width: 399px;\" src=\"https:\/\/art-of-shadows.de\/wordpress\/wp-content\/uploads\/2023\/05\/DSCF2284-scaled.jpg\" alt=\"\" srcset=\"https:\/\/art-of-shadows.de\/wordpress\/wp-content\/uploads\/2023\/05\/DSCF2284-scaled.jpg 2560w, https:\/\/art-of-shadows.de\/wordpress\/wp-content\/uploads\/2023\/05\/DSCF2284-300x225.jpg 300w, https:\/\/art-of-shadows.de\/wordpress\/wp-content\/uploads\/2023\/05\/DSCF2284-1024x768.jpg 1024w, https:\/\/art-of-shadows.de\/wordpress\/wp-content\/uploads\/2023\/05\/DSCF2284-768x576.jpg 768w, https:\/\/art-of-shadows.de\/wordpress\/wp-content\/uploads\/2023\/05\/DSCF2284-1536x1152.jpg 1536w, https:\/\/art-of-shadows.de\/wordpress\/wp-content\/uploads\/2023\/05\/DSCF2284-2048x1536.jpg 2048w\" sizes=\"auto, (max-width: 399px) 100vw, 399px\" \/>  <br><br><img loading=\"lazy\" decoding=\"async\" width=\"399\" height=\"201\" class=\"wp-image-235\" style=\"width: 399px;\" src=\"https:\/\/art-of-shadows.de\/wordpress\/wp-content\/uploads\/2023\/05\/DSCF2283-scaled.jpg\" alt=\"\" srcset=\"https:\/\/art-of-shadows.de\/wordpress\/wp-content\/uploads\/2023\/05\/DSCF2283-scaled.jpg 2560w, https:\/\/art-of-shadows.de\/wordpress\/wp-content\/uploads\/2023\/05\/DSCF2283-300x151.jpg 300w, https:\/\/art-of-shadows.de\/wordpress\/wp-content\/uploads\/2023\/05\/DSCF2283-1024x515.jpg 1024w, https:\/\/art-of-shadows.de\/wordpress\/wp-content\/uploads\/2023\/05\/DSCF2283-768x386.jpg 768w, https:\/\/art-of-shadows.de\/wordpress\/wp-content\/uploads\/2023\/05\/DSCF2283-1536x772.jpg 1536w, https:\/\/art-of-shadows.de\/wordpress\/wp-content\/uploads\/2023\/05\/DSCF2283-2048x1030.jpg 2048w\" sizes=\"auto, (max-width: 399px) 100vw, 399px\" \/>    <br><\/p>\n\n\n\n<p><img loading=\"lazy\" decoding=\"async\" width=\"450\" height=\"597\" class=\"wp-image-115\" style=\"width: 450px;\" src=\"https:\/\/art-of-shadows.de\/wordpress\/wp-content\/uploads\/2021\/12\/1928913_1041693942330_4949295_n.jpg\" alt=\"\" srcset=\"https:\/\/art-of-shadows.de\/wordpress\/wp-content\/uploads\/2021\/12\/1928913_1041693942330_4949295_n.jpg 455w, https:\/\/art-of-shadows.de\/wordpress\/wp-content\/uploads\/2021\/12\/1928913_1041693942330_4949295_n-226x300.jpg 226w\" sizes=\"auto, (max-width: 450px) 100vw, 450px\" \/> <\/p>\n\n\n\n<p><\/p>\n\n\n\n<p><\/p>\n","protected":false},"excerpt":{"rendered":"<p>Der Schatten das dunkle Objekt So sieht man ihn nur zu gern. Dabei ist selbst als &#8222;Licht&#8220;Ph\u00e4nomen ist sich selbst ein dunkles Abbild des Objektes, wenn auch nur tempor\u00e4r, denn er gehorcht den Regeln des Lichtes und der Physik. So bleibt er niemals gleich. Doch er&nbsp; kann auch selbst zum Bild oder gar zur eigenen&#8230; <\/p>\n<div class=\"read-more navbutton\"><a href=\"https:\/\/art-of-shadows.de\/?page_id=24\">Read More<i class=\"fa fa-angle-double-right\"><\/i><\/a><\/div>\n","protected":false},"author":1,"featured_media":0,"parent":0,"menu_order":0,"comment_status":"closed","ping_status":"closed","template":"","meta":{"footnotes":""},"class_list":["post-24","page","type-page","status-publish","hentry"],"yoast_head":"<!-- This site is optimized with the Yoast SEO plugin v27.5 - https:\/\/yoast.com\/product\/yoast-seo-wordpress\/ -->\n<title>Objektschatten - Art of shadows Der Schatten, das dunkle Objekt<\/title>\n<meta name=\"description\" content=\"In Ingo Litschkas Objekten aus Plexiglas und Fotofolie ist der Schatten mehr als nur das dunkle Objekt, denn er reproduziert sich selbst.\" \/>\n<meta name=\"robots\" content=\"index, follow, max-snippet:-1, max-image-preview:large, max-video-preview:-1\" \/>\n<link rel=\"canonical\" href=\"https:\/\/art-of-shadows.de\/?page_id=24\" \/>\n<meta property=\"og:locale\" content=\"de_DE\" \/>\n<meta property=\"og:type\" content=\"article\" \/>\n<meta property=\"og:title\" content=\"Objektschatten - Art of shadows Der Schatten, das dunkle Objekt\" \/>\n<meta property=\"og:description\" content=\"In Ingo Litschkas Objekten aus Plexiglas und Fotofolie ist der Schatten mehr als nur das dunkle Objekt, denn er reproduziert sich selbst.\" \/>\n<meta property=\"og:url\" content=\"https:\/\/art-of-shadows.de\/?page_id=24\" \/>\n<meta property=\"og:site_name\" content=\"Art of shadows\" \/>\n<meta property=\"article:modified_time\" content=\"2025-09-09T16:32:10+00:00\" \/>\n<meta property=\"og:image\" content=\"https:\/\/art-of-shadows.de\/wordpress\/wp-content\/uploads\/2021\/12\/DSCF0537-scaled.jpg\" \/>\n\t<meta property=\"og:image:width\" content=\"2560\" \/>\n\t<meta property=\"og:image:height\" content=\"1920\" \/>\n\t<meta property=\"og:image:type\" content=\"image\/jpeg\" \/>\n<meta name=\"twitter:card\" content=\"summary_large_image\" \/>\n<meta name=\"twitter:label1\" content=\"Gesch\u00e4tzte Lesezeit\" \/>\n\t<meta name=\"twitter:data1\" content=\"3\u00a0Minuten\" \/>\n<script type=\"application\/ld+json\" class=\"yoast-schema-graph\">{\"@context\":\"https:\\\/\\\/schema.org\",\"@graph\":[{\"@type\":\"WebPage\",\"@id\":\"https:\\\/\\\/art-of-shadows.de\\\/?page_id=24\",\"url\":\"https:\\\/\\\/art-of-shadows.de\\\/?page_id=24\",\"name\":\"Objektschatten - Art of shadows Der Schatten, das dunkle Objekt\",\"isPartOf\":{\"@id\":\"https:\\\/\\\/art-of-shadows.de\\\/#website\"},\"primaryImageOfPage\":{\"@id\":\"https:\\\/\\\/art-of-shadows.de\\\/?page_id=24#primaryimage\"},\"image\":{\"@id\":\"https:\\\/\\\/art-of-shadows.de\\\/?page_id=24#primaryimage\"},\"thumbnailUrl\":\"http:\\\/\\\/art-of-shadows.de\\\/wordpress\\\/wp-content\\\/uploads\\\/2021\\\/12\\\/DSCF0537-scaled.jpg\",\"datePublished\":\"2021-12-01T13:02:32+00:00\",\"dateModified\":\"2025-09-09T16:32:10+00:00\",\"description\":\"In Ingo Litschkas Objekten aus Plexiglas und Fotofolie ist der Schatten mehr als nur das dunkle Objekt, denn er reproduziert sich selbst.\",\"breadcrumb\":{\"@id\":\"https:\\\/\\\/art-of-shadows.de\\\/?page_id=24#breadcrumb\"},\"inLanguage\":\"de\",\"potentialAction\":[{\"@type\":\"ReadAction\",\"target\":[\"https:\\\/\\\/art-of-shadows.de\\\/?page_id=24\"]}]},{\"@type\":\"ImageObject\",\"inLanguage\":\"de\",\"@id\":\"https:\\\/\\\/art-of-shadows.de\\\/?page_id=24#primaryimage\",\"url\":\"http:\\\/\\\/art-of-shadows.de\\\/wordpress\\\/wp-content\\\/uploads\\\/2021\\\/12\\\/DSCF0537-scaled.jpg\",\"contentUrl\":\"http:\\\/\\\/art-of-shadows.de\\\/wordpress\\\/wp-content\\\/uploads\\\/2021\\\/12\\\/DSCF0537-scaled.jpg\"},{\"@type\":\"BreadcrumbList\",\"@id\":\"https:\\\/\\\/art-of-shadows.de\\\/?page_id=24#breadcrumb\",\"itemListElement\":[{\"@type\":\"ListItem\",\"position\":1,\"name\":\"Startseite\",\"item\":\"https:\\\/\\\/art-of-shadows.de\\\/\"},{\"@type\":\"ListItem\",\"position\":2,\"name\":\"Objektschatten\"}]},{\"@type\":\"WebSite\",\"@id\":\"https:\\\/\\\/art-of-shadows.de\\\/#website\",\"url\":\"https:\\\/\\\/art-of-shadows.de\\\/\",\"name\":\"Art of shadows\",\"description\":\"\",\"potentialAction\":[{\"@type\":\"SearchAction\",\"target\":{\"@type\":\"EntryPoint\",\"urlTemplate\":\"https:\\\/\\\/art-of-shadows.de\\\/?s={search_term_string}\"},\"query-input\":{\"@type\":\"PropertyValueSpecification\",\"valueRequired\":true,\"valueName\":\"search_term_string\"}}],\"inLanguage\":\"de\"}]}<\/script>\n<!-- \/ Yoast SEO plugin. -->","yoast_head_json":{"title":"Objektschatten - Art of shadows Der Schatten, das dunkle Objekt","description":"In Ingo Litschkas Objekten aus Plexiglas und Fotofolie ist der Schatten mehr als nur das dunkle Objekt, denn er reproduziert sich selbst.","robots":{"index":"index","follow":"follow","max-snippet":"max-snippet:-1","max-image-preview":"max-image-preview:large","max-video-preview":"max-video-preview:-1"},"canonical":"https:\/\/art-of-shadows.de\/?page_id=24","og_locale":"de_DE","og_type":"article","og_title":"Objektschatten - Art of shadows Der Schatten, das dunkle Objekt","og_description":"In Ingo Litschkas Objekten aus Plexiglas und Fotofolie ist der Schatten mehr als nur das dunkle Objekt, denn er reproduziert sich selbst.","og_url":"https:\/\/art-of-shadows.de\/?page_id=24","og_site_name":"Art of shadows","article_modified_time":"2025-09-09T16:32:10+00:00","og_image":[{"width":2560,"height":1920,"url":"https:\/\/art-of-shadows.de\/wordpress\/wp-content\/uploads\/2021\/12\/DSCF0537-scaled.jpg","type":"image\/jpeg"}],"twitter_card":"summary_large_image","twitter_misc":{"Gesch\u00e4tzte Lesezeit":"3\u00a0Minuten"},"schema":{"@context":"https:\/\/schema.org","@graph":[{"@type":"WebPage","@id":"https:\/\/art-of-shadows.de\/?page_id=24","url":"https:\/\/art-of-shadows.de\/?page_id=24","name":"Objektschatten - Art of shadows Der Schatten, das dunkle Objekt","isPartOf":{"@id":"https:\/\/art-of-shadows.de\/#website"},"primaryImageOfPage":{"@id":"https:\/\/art-of-shadows.de\/?page_id=24#primaryimage"},"image":{"@id":"https:\/\/art-of-shadows.de\/?page_id=24#primaryimage"},"thumbnailUrl":"http:\/\/art-of-shadows.de\/wordpress\/wp-content\/uploads\/2021\/12\/DSCF0537-scaled.jpg","datePublished":"2021-12-01T13:02:32+00:00","dateModified":"2025-09-09T16:32:10+00:00","description":"In Ingo Litschkas Objekten aus Plexiglas und Fotofolie ist der Schatten mehr als nur das dunkle Objekt, denn er reproduziert sich selbst.","breadcrumb":{"@id":"https:\/\/art-of-shadows.de\/?page_id=24#breadcrumb"},"inLanguage":"de","potentialAction":[{"@type":"ReadAction","target":["https:\/\/art-of-shadows.de\/?page_id=24"]}]},{"@type":"ImageObject","inLanguage":"de","@id":"https:\/\/art-of-shadows.de\/?page_id=24#primaryimage","url":"http:\/\/art-of-shadows.de\/wordpress\/wp-content\/uploads\/2021\/12\/DSCF0537-scaled.jpg","contentUrl":"http:\/\/art-of-shadows.de\/wordpress\/wp-content\/uploads\/2021\/12\/DSCF0537-scaled.jpg"},{"@type":"BreadcrumbList","@id":"https:\/\/art-of-shadows.de\/?page_id=24#breadcrumb","itemListElement":[{"@type":"ListItem","position":1,"name":"Startseite","item":"https:\/\/art-of-shadows.de\/"},{"@type":"ListItem","position":2,"name":"Objektschatten"}]},{"@type":"WebSite","@id":"https:\/\/art-of-shadows.de\/#website","url":"https:\/\/art-of-shadows.de\/","name":"Art of shadows","description":"","potentialAction":[{"@type":"SearchAction","target":{"@type":"EntryPoint","urlTemplate":"https:\/\/art-of-shadows.de\/?s={search_term_string}"},"query-input":{"@type":"PropertyValueSpecification","valueRequired":true,"valueName":"search_term_string"}}],"inLanguage":"de"}]}},"_links":{"self":[{"href":"https:\/\/art-of-shadows.de\/index.php?rest_route=\/wp\/v2\/pages\/24","targetHints":{"allow":["GET"]}}],"collection":[{"href":"https:\/\/art-of-shadows.de\/index.php?rest_route=\/wp\/v2\/pages"}],"about":[{"href":"https:\/\/art-of-shadows.de\/index.php?rest_route=\/wp\/v2\/types\/page"}],"author":[{"embeddable":true,"href":"https:\/\/art-of-shadows.de\/index.php?rest_route=\/wp\/v2\/users\/1"}],"replies":[{"embeddable":true,"href":"https:\/\/art-of-shadows.de\/index.php?rest_route=%2Fwp%2Fv2%2Fcomments&post=24"}],"version-history":[{"count":19,"href":"https:\/\/art-of-shadows.de\/index.php?rest_route=\/wp\/v2\/pages\/24\/revisions"}],"predecessor-version":[{"id":249,"href":"https:\/\/art-of-shadows.de\/index.php?rest_route=\/wp\/v2\/pages\/24\/revisions\/249"}],"wp:attachment":[{"href":"https:\/\/art-of-shadows.de\/index.php?rest_route=%2Fwp%2Fv2%2Fmedia&parent=24"}],"curies":[{"name":"wp","href":"https:\/\/api.w.org\/{rel}","templated":true}]}}