{"id":2,"date":"2016-05-10T03:48:21","date_gmt":"2016-05-10T03:48:21","guid":{"rendered":"http:\/\/art-of-shadows.de\/wordpress\/?page_id=2"},"modified":"2025-09-13T14:49:03","modified_gmt":"2025-09-13T14:49:03","slug":"home-der-schatten-lebt","status":"publish","type":"page","link":"https:\/\/art-of-shadows.de\/","title":{"rendered":"Schattenseite"},"content":{"rendered":"\n<p class=\"has-medium-font-size\"><mark style=\"background-color:rgba(0, 0, 0, 0)\" class=\"has-inline-color has-luminous-vivid-amber-color\">Der Schatten lebt.<br>Ob nun als K\u00f6rperschatten, ohne K\u00f6rper oder Schlagschatten ohne Schlag, so h\u00e4ngt er doch an jedem von uns.<\/mark><\/p>\n\n\n\n<p class=\"has-medium-font-size\"><mark style=\"background-color:rgba(0, 0, 0, 0)\" class=\"has-inline-color has-luminous-vivid-amber-color\">Ganz ohne Wertung der Person tut er das und gibt Konturen.<\/mark><\/p>\n\n\n\n<p class=\"has-medium-font-size\"><mark style=\"background-color:rgba(0, 0, 0, 0)\" class=\"has-inline-color has-luminous-vivid-amber-color\">Von seiner bedrohlichen, d\u00fcsteren Seite wei\u00df er nichts. Er wird trotzdem gern ins ungewisse Dunkel verbannt und gemieden.<\/mark><\/p>\n\n\n\n<p class=\"has-medium-font-size\"><mark style=\"background-color:rgba(0, 0, 0, 0)\" class=\"has-inline-color has-luminous-vivid-amber-color\">Dorthin verlagert kann er, als gef\u00e4hrliches Subjekt vor sich hindunkeln, bis man ihn f\u00fcr einschl\u00e4gige Filme braucht. Dann holt man ihn hervor und \u00fcbersteigert ihn begeistert, um den Druck, des Filmbildes zu erh\u00f6hen.<\/mark><\/p>\n\n\n\n<p class=\"has-medium-font-size\"><mark style=\"background-color:rgba(0, 0, 0, 0)\" class=\"has-inline-color has-luminous-vivid-amber-color\">So darf er dann finster in der Ecke auf die schreckhafte Psyche lauern. Er darf zum Jahrmarktschrecken werden und in Horrorfilmen viel Geld kosten.<\/mark><\/p>\n\n\n\n<p class=\"has-medium-font-size\"><mark style=\"background-color:rgba(0, 0, 0, 0)\" class=\"has-inline-color has-luminous-vivid-amber-color\">Dabei gibt er uns doch unsere Konturen ganz freiwillig.<\/mark><\/p>\n\n\n\n<p class=\"has-medium-font-size\"><mark style=\"background-color:rgba(0, 0, 0, 0)\" class=\"has-inline-color has-luminous-vivid-amber-color\">Der Schatten ist ein physikalisches Ph\u00e4nomen , das still im Hintergrund bleibt. Man kann ihn eben schlecht anfassen.<\/mark><\/p>\n\n\n\n<p class=\"has-medium-font-size\"><mark style=\"background-color:rgba(0, 0, 0, 0)\" class=\"has-inline-color has-luminous-vivid-amber-color\">Wird er aber konstruktivistisch ins Blickfeld geholt, dann legt er seine Formen fest und kehrt den Blick des Betrachters automatisch nach innen.<br>Als Bild-Erz\u00e4hler und Interpret der Grimmschen M\u00e4rchen wird er auch symbolisch.<br>Er erz\u00e4hlt alte Geschichten aus seinem dunkel verspielten Wesen heraus neu. Der Schatten hat keine Angst vor dem, ach so b\u00f6sen Wolf und zeichnet unbeirrt seinen Kontrast um die Archetypen.<\/mark><\/p>\n\n\n\n<p class=\"has-medium-font-size\"><mark style=\"background-color:rgba(0, 0, 0, 0)\" class=\"has-inline-color has-luminous-vivid-amber-color\">Er tut das mit leisen T\u00f6nen, denn im Schatten findet man keinen Krach und keine grellen T\u00f6ne.<\/mark><\/p>\n\n\n\n<p class=\"has-medium-font-size\"><mark style=\"background-color:rgba(0, 0, 0, 0)\" class=\"has-inline-color has-luminous-vivid-amber-color\">Bei manchen Schubladen mit den leichten Farben muss man erst dahinterschauen, bis man ihn findet<\/mark>.<\/p>\n\n\n\n<p class=\"has-medium-font-size\"><mark style=\"background-color:rgba(0, 0, 0, 0)\" class=\"has-inline-color has-luminous-vivid-amber-color\">Die Arbeiten von Ingo Litschka spielen mit ihm, deswegen wird der Schatten auf dieser Seite nicht verborgen, sondern ins digitale Licht des Bildschirms gestellt und darf in seinen eigenen Farben sprechen.<\/mark><br><br><br><mark style=\"background-color:rgba(0, 0, 0, 0)\" class=\"has-inline-color has-luminous-vivid-amber-color\">Die geschriebenen Schatten finden Sie hier in der &#8212;&gt;<\/mark> <a href=\"https:\/\/ingos-buchseite.de\/\" target=\"_blank\" rel=\"noreferrer noopener\">Buchseite<\/a><br><br><img loading=\"lazy\" decoding=\"async\" width=\"250\" height=\"83\" class=\"wp-image-85\" style=\"width: 250px;\" src=\"https:\/\/art-of-shadows.de\/wordpress\/wp-content\/uploads\/2021\/12\/cover_twitterheader.jpg\" alt=\"\" srcset=\"https:\/\/art-of-shadows.de\/wordpress\/wp-content\/uploads\/2021\/12\/cover_twitterheader.jpg 1500w, https:\/\/art-of-shadows.de\/wordpress\/wp-content\/uploads\/2021\/12\/cover_twitterheader-300x100.jpg 300w, https:\/\/art-of-shadows.de\/wordpress\/wp-content\/uploads\/2021\/12\/cover_twitterheader-1024x341.jpg 1024w, https:\/\/art-of-shadows.de\/wordpress\/wp-content\/uploads\/2021\/12\/cover_twitterheader-768x256.jpg 768w\" sizes=\"auto, (max-width: 250px) 100vw, 250px\" \/><\/p>\n\n\n\n<p class=\"has-medium-font-size\"><mark style=\"background-color:rgba(0, 0, 0, 0)\" class=\"has-inline-color has-luminous-vivid-amber-color\">Die andere Kunst finden Sie hier &#8211;&gt;<\/mark> <a href=\"https:\/\/fecht-hut.de\/\" target=\"_blank\" rel=\"noreferrer noopener\">unterm Hut<\/a><br><br><img loading=\"lazy\" decoding=\"async\" width=\"250\" height=\"93\" class=\"wp-image-86\" style=\"width: 250px;\" src=\"https:\/\/art-of-shadows.de\/wordpress\/wp-content\/uploads\/2021\/12\/Fechthut_Banner_1200dpi-scaled.jpg\" alt=\"\" srcset=\"https:\/\/art-of-shadows.de\/wordpress\/wp-content\/uploads\/2021\/12\/Fechthut_Banner_1200dpi-scaled.jpg 2560w, https:\/\/art-of-shadows.de\/wordpress\/wp-content\/uploads\/2021\/12\/Fechthut_Banner_1200dpi-300x112.jpg 300w, https:\/\/art-of-shadows.de\/wordpress\/wp-content\/uploads\/2021\/12\/Fechthut_Banner_1200dpi-1024x381.jpg 1024w, https:\/\/art-of-shadows.de\/wordpress\/wp-content\/uploads\/2021\/12\/Fechthut_Banner_1200dpi-768x285.jpg 768w, https:\/\/art-of-shadows.de\/wordpress\/wp-content\/uploads\/2021\/12\/Fechthut_Banner_1200dpi-1536x571.jpg 1536w, https:\/\/art-of-shadows.de\/wordpress\/wp-content\/uploads\/2021\/12\/Fechthut_Banner_1200dpi-2048x761.jpg 2048w\" sizes=\"auto, (max-width: 250px) 100vw, 250px\" \/><\/p>\n","protected":false},"excerpt":{"rendered":"<p>Der Schatten lebt.Ob nun als K\u00f6rperschatten, ohne K\u00f6rper oder Schlagschatten ohne Schlag, so h\u00e4ngt er doch an jedem von uns. Ganz ohne Wertung der Person tut er das und gibt Konturen. Von seiner bedrohlichen, d\u00fcsteren Seite wei\u00df er nichts. Er wird trotzdem gern ins ungewisse Dunkel verbannt und gemieden. Dorthin verlagert kann er, als gef\u00e4hrliches&#8230; <\/p>\n<div class=\"read-more navbutton\"><a href=\"https:\/\/art-of-shadows.de\/\">Read More<i class=\"fa fa-angle-double-right\"><\/i><\/a><\/div>\n","protected":false},"author":1,"featured_media":0,"parent":0,"menu_order":0,"comment_status":"closed","ping_status":"closed","template":"","meta":{"footnotes":""},"class_list":["post-2","page","type-page","status-publish","hentry"],"yoast_head":"<!-- This site is optimized with the Yoast SEO plugin v27.4 - https:\/\/yoast.com\/product\/yoast-seo-wordpress\/ -->\n<title>Schattenseite - Art of shadows<\/title>\n<meta name=\"description\" content=\"Hier finden Sie die Kunst von Ingo Litschka, die mit dem Schatten spielt. Ob nun in Objekten, Gem\u00e4lden oder Schubladen.\" \/>\n<meta name=\"robots\" content=\"index, follow, max-snippet:-1, max-image-preview:large, max-video-preview:-1\" \/>\n<link rel=\"canonical\" href=\"https:\/\/art-of-shadows.de\/\" \/>\n<meta property=\"og:locale\" content=\"de_DE\" \/>\n<meta property=\"og:type\" content=\"article\" \/>\n<meta property=\"og:title\" content=\"Schattenseite - Art of shadows\" \/>\n<meta property=\"og:description\" content=\"Hier finden Sie die Kunst von Ingo Litschka, die mit dem Schatten spielt. Ob nun in Objekten, Gem\u00e4lden oder Schubladen.\" \/>\n<meta property=\"og:url\" content=\"https:\/\/art-of-shadows.de\/\" \/>\n<meta property=\"og:site_name\" content=\"Art of shadows\" \/>\n<meta property=\"article:modified_time\" content=\"2025-09-13T14:49:03+00:00\" \/>\n<meta property=\"og:image\" content=\"https:\/\/art-of-shadows.de\/wordpress\/wp-content\/uploads\/2021\/12\/cover_twitterheader.jpg\" \/>\n\t<meta property=\"og:image:width\" content=\"1500\" \/>\n\t<meta property=\"og:image:height\" content=\"500\" \/>\n\t<meta property=\"og:image:type\" content=\"image\/jpeg\" \/>\n<meta name=\"twitter:card\" content=\"summary_large_image\" \/>\n<meta name=\"twitter:label1\" content=\"Gesch\u00e4tzte Lesezeit\" \/>\n\t<meta name=\"twitter:data1\" content=\"2\u00a0Minuten\" \/>\n<script type=\"application\/ld+json\" class=\"yoast-schema-graph\">{\"@context\":\"https:\\\/\\\/schema.org\",\"@graph\":[{\"@type\":\"WebPage\",\"@id\":\"https:\\\/\\\/art-of-shadows.de\\\/\",\"url\":\"https:\\\/\\\/art-of-shadows.de\\\/\",\"name\":\"Schattenseite - Art of shadows\",\"isPartOf\":{\"@id\":\"https:\\\/\\\/art-of-shadows.de\\\/#website\"},\"primaryImageOfPage\":{\"@id\":\"https:\\\/\\\/art-of-shadows.de\\\/#primaryimage\"},\"image\":{\"@id\":\"https:\\\/\\\/art-of-shadows.de\\\/#primaryimage\"},\"thumbnailUrl\":\"https:\\\/\\\/art-of-shadows.de\\\/wordpress\\\/wp-content\\\/uploads\\\/2021\\\/12\\\/cover_twitterheader.jpg\",\"datePublished\":\"2016-05-10T03:48:21+00:00\",\"dateModified\":\"2025-09-13T14:49:03+00:00\",\"description\":\"Hier finden Sie die Kunst von Ingo Litschka, die mit dem Schatten spielt. Ob nun in Objekten, Gem\u00e4lden oder Schubladen.\",\"breadcrumb\":{\"@id\":\"https:\\\/\\\/art-of-shadows.de\\\/#breadcrumb\"},\"inLanguage\":\"de\",\"potentialAction\":[{\"@type\":\"ReadAction\",\"target\":[\"https:\\\/\\\/art-of-shadows.de\\\/\"]}]},{\"@type\":\"ImageObject\",\"inLanguage\":\"de\",\"@id\":\"https:\\\/\\\/art-of-shadows.de\\\/#primaryimage\",\"url\":\"https:\\\/\\\/art-of-shadows.de\\\/wordpress\\\/wp-content\\\/uploads\\\/2021\\\/12\\\/cover_twitterheader.jpg\",\"contentUrl\":\"https:\\\/\\\/art-of-shadows.de\\\/wordpress\\\/wp-content\\\/uploads\\\/2021\\\/12\\\/cover_twitterheader.jpg\",\"width\":1500,\"height\":500},{\"@type\":\"BreadcrumbList\",\"@id\":\"https:\\\/\\\/art-of-shadows.de\\\/#breadcrumb\",\"itemListElement\":[{\"@type\":\"ListItem\",\"position\":1,\"name\":\"Startseite\",\"item\":\"https:\\\/\\\/art-of-shadows.de\\\/\"},{\"@type\":\"ListItem\",\"position\":2,\"name\":\"Schattenseite\"}]},{\"@type\":\"WebSite\",\"@id\":\"https:\\\/\\\/art-of-shadows.de\\\/#website\",\"url\":\"https:\\\/\\\/art-of-shadows.de\\\/\",\"name\":\"Art of shadows\",\"description\":\"\",\"potentialAction\":[{\"@type\":\"SearchAction\",\"target\":{\"@type\":\"EntryPoint\",\"urlTemplate\":\"https:\\\/\\\/art-of-shadows.de\\\/?s={search_term_string}\"},\"query-input\":{\"@type\":\"PropertyValueSpecification\",\"valueRequired\":true,\"valueName\":\"search_term_string\"}}],\"inLanguage\":\"de\"}]}<\/script>\n<!-- \/ Yoast SEO plugin. -->","yoast_head_json":{"title":"Schattenseite - Art of shadows","description":"Hier finden Sie die Kunst von Ingo Litschka, die mit dem Schatten spielt. Ob nun in Objekten, Gem\u00e4lden oder Schubladen.","robots":{"index":"index","follow":"follow","max-snippet":"max-snippet:-1","max-image-preview":"max-image-preview:large","max-video-preview":"max-video-preview:-1"},"canonical":"https:\/\/art-of-shadows.de\/","og_locale":"de_DE","og_type":"article","og_title":"Schattenseite - Art of shadows","og_description":"Hier finden Sie die Kunst von Ingo Litschka, die mit dem Schatten spielt. Ob nun in Objekten, Gem\u00e4lden oder Schubladen.","og_url":"https:\/\/art-of-shadows.de\/","og_site_name":"Art of shadows","article_modified_time":"2025-09-13T14:49:03+00:00","og_image":[{"width":1500,"height":500,"url":"https:\/\/art-of-shadows.de\/wordpress\/wp-content\/uploads\/2021\/12\/cover_twitterheader.jpg","type":"image\/jpeg"}],"twitter_card":"summary_large_image","twitter_misc":{"Gesch\u00e4tzte Lesezeit":"2\u00a0Minuten"},"schema":{"@context":"https:\/\/schema.org","@graph":[{"@type":"WebPage","@id":"https:\/\/art-of-shadows.de\/","url":"https:\/\/art-of-shadows.de\/","name":"Schattenseite - Art of shadows","isPartOf":{"@id":"https:\/\/art-of-shadows.de\/#website"},"primaryImageOfPage":{"@id":"https:\/\/art-of-shadows.de\/#primaryimage"},"image":{"@id":"https:\/\/art-of-shadows.de\/#primaryimage"},"thumbnailUrl":"https:\/\/art-of-shadows.de\/wordpress\/wp-content\/uploads\/2021\/12\/cover_twitterheader.jpg","datePublished":"2016-05-10T03:48:21+00:00","dateModified":"2025-09-13T14:49:03+00:00","description":"Hier finden Sie die Kunst von Ingo Litschka, die mit dem Schatten spielt. Ob nun in Objekten, Gem\u00e4lden oder Schubladen.","breadcrumb":{"@id":"https:\/\/art-of-shadows.de\/#breadcrumb"},"inLanguage":"de","potentialAction":[{"@type":"ReadAction","target":["https:\/\/art-of-shadows.de\/"]}]},{"@type":"ImageObject","inLanguage":"de","@id":"https:\/\/art-of-shadows.de\/#primaryimage","url":"https:\/\/art-of-shadows.de\/wordpress\/wp-content\/uploads\/2021\/12\/cover_twitterheader.jpg","contentUrl":"https:\/\/art-of-shadows.de\/wordpress\/wp-content\/uploads\/2021\/12\/cover_twitterheader.jpg","width":1500,"height":500},{"@type":"BreadcrumbList","@id":"https:\/\/art-of-shadows.de\/#breadcrumb","itemListElement":[{"@type":"ListItem","position":1,"name":"Startseite","item":"https:\/\/art-of-shadows.de\/"},{"@type":"ListItem","position":2,"name":"Schattenseite"}]},{"@type":"WebSite","@id":"https:\/\/art-of-shadows.de\/#website","url":"https:\/\/art-of-shadows.de\/","name":"Art of shadows","description":"","potentialAction":[{"@type":"SearchAction","target":{"@type":"EntryPoint","urlTemplate":"https:\/\/art-of-shadows.de\/?s={search_term_string}"},"query-input":{"@type":"PropertyValueSpecification","valueRequired":true,"valueName":"search_term_string"}}],"inLanguage":"de"}]}},"_links":{"self":[{"href":"https:\/\/art-of-shadows.de\/index.php?rest_route=\/wp\/v2\/pages\/2","targetHints":{"allow":["GET"]}}],"collection":[{"href":"https:\/\/art-of-shadows.de\/index.php?rest_route=\/wp\/v2\/pages"}],"about":[{"href":"https:\/\/art-of-shadows.de\/index.php?rest_route=\/wp\/v2\/types\/page"}],"author":[{"embeddable":true,"href":"https:\/\/art-of-shadows.de\/index.php?rest_route=\/wp\/v2\/users\/1"}],"replies":[{"embeddable":true,"href":"https:\/\/art-of-shadows.de\/index.php?rest_route=%2Fwp%2Fv2%2Fcomments&post=2"}],"version-history":[{"count":14,"href":"https:\/\/art-of-shadows.de\/index.php?rest_route=\/wp\/v2\/pages\/2\/revisions"}],"predecessor-version":[{"id":263,"href":"https:\/\/art-of-shadows.de\/index.php?rest_route=\/wp\/v2\/pages\/2\/revisions\/263"}],"wp:attachment":[{"href":"https:\/\/art-of-shadows.de\/index.php?rest_route=%2Fwp%2Fv2%2Fmedia&parent=2"}],"curies":[{"name":"wp","href":"https:\/\/api.w.org\/{rel}","templated":true}]}}